{"id":2036,"date":"2023-03-21T14:03:44","date_gmt":"2023-03-21T18:03:44","guid":{"rendered":"https:\/\/wtwis.switch.makemagik.com\/demande-de-remboursement\/"},"modified":"2023-05-24T09:09:25","modified_gmt":"2023-05-24T13:09:25","slug":"demande-de-remboursement","status":"publish","type":"page","link":"https:\/\/wtwis.globalexcel.com\/fr\/demande-de-remboursement\/","title":{"rendered":"Demande de remboursement"},"content":{"rendered":"\t\t<div data-elementor-type=\"wp-page\" data-elementor-id=\"2036\" class=\"elementor elementor-2036 elementor-1816\" data-elementor-post-type=\"page\">\n\t\t\t\t<div class=\"elementor-element elementor-element-65a3a47 e-flex e-con-boxed e-con e-parent\" data-id=\"65a3a47\" data-element_type=\"container\" data-e-type=\"container\" data-settings=\"{&quot;background_background&quot;:&quot;classic&quot;}\">\n\t\t\t\t\t<div class=\"e-con-inner\">\n\t\t\t\t<div class=\"elementor-element elementor-element-74d447a elementor-widget elementor-widget-heading\" data-id=\"74d447a\" data-element_type=\"widget\" data-e-type=\"widget\" data-widget_type=\"heading.default\">\n\t\t\t\t<div class=\"elementor-widget-container\">\n\t\t\t\t\t<h1 class=\"elementor-heading-title elementor-size-default\">Demande de remboursement<\/h1>\t\t\t\t<\/div>\n\t\t\t\t<\/div>\n\t\t\t\t\t<\/div>\n\t\t\t\t<\/div>\n\t\t<div class=\"elementor-element elementor-element-da69158 e-flex e-con-boxed e-con e-parent\" data-id=\"da69158\" data-element_type=\"container\" data-e-type=\"container\">\n\t\t\t\t\t<div class=\"e-con-inner\">\n\t\t\t\t<div class=\"elementor-element elementor-element-16dee9f elementor-widget elementor-widget-heading\" data-id=\"16dee9f\" data-element_type=\"widget\" data-e-type=\"widget\" data-widget_type=\"heading.default\">\n\t\t\t\t<div class=\"elementor-widget-container\">\n\t\t\t\t\t<h2 class=\"elementor-heading-title elementor-size-default\">Dans le cas o\u00f9 vous avez d\u00fb payer pour un service m\u00e9dical qui est une prestation couverte par votre police d\u2019assurance, vous devrez pr\u00e9senter vos re\u00e7us, l\u2019original de la facture du prestataire o\u00f9 figure votre paiement, ainsi que le formulaire de demande de remboursement rempli et sign\u00e9. Le fait de fournir les documents appropri\u00e9s acc\u00e9l\u00e9rera le traitement de votre demande. <\/h2>\t\t\t\t<\/div>\n\t\t\t\t<\/div>\n\t\t<div class=\"elementor-element elementor-element-3689a63 e-con-full e-flex e-con e-parent\" data-id=\"3689a63\" data-element_type=\"container\" data-e-type=\"container\">\n\t\t\t\t<div class=\"elementor-element elementor-element-f4e7dcd elementor-widget elementor-widget-heading\" data-id=\"f4e7dcd\" data-element_type=\"widget\" data-e-type=\"widget\" data-widget_type=\"heading.default\">\n\t\t\t\t<div class=\"elementor-widget-container\">\n\t\t\t\t\t<p class=\"elementor-heading-title elementor-size-default\">Ces informations doivent \u00eatre envoy\u00e9es par courrier \u00e0 l\u2019adresse indiqu\u00e9e ci-dessous. Nous vous recommandons de conserver une copie de tous les documents soumis pour vos dossiers. <\/p>\t\t\t\t<\/div>\n\t\t\t\t<\/div>\n\t\t\t\t<\/div>\n\t\t\t\t<div class=\"elementor-element elementor-element-1501a1f elementor-widget-divider--view-line elementor-widget elementor-widget-divider\" data-id=\"1501a1f\" data-element_type=\"widget\" data-e-type=\"widget\" data-widget_type=\"divider.default\">\n\t\t\t\t<div class=\"elementor-widget-container\">\n\t\t\t\t\t\t\t<div class=\"elementor-divider\">\n\t\t\t<span class=\"elementor-divider-separator\">\n\t\t\t\t\t\t<\/span>\n\t\t<\/div>\n\t\t\t\t\t\t<\/div>\n\t\t\t\t<\/div>\n\t\t\t\t<div class=\"elementor-element elementor-element-aa20d4a elementor-widget elementor-widget-heading\" data-id=\"aa20d4a\" data-element_type=\"widget\" data-e-type=\"widget\" data-widget_type=\"heading.default\">\n\t\t\t\t<div class=\"elementor-widget-container\">\n\t\t\t\t\t<h2 class=\"elementor-heading-title elementor-size-default\">\u00c0 tout moment, n\u2019h\u00e9sitez pas \u00e0 nous contacter pour obtenir de l\u2019aide. <\/h2>\t\t\t\t<\/div>\n\t\t\t\t<\/div>\n\t\t<div class=\"elementor-element elementor-element-758fce1 e-flex e-con-boxed e-con e-parent\" data-id=\"758fce1\" data-element_type=\"container\" data-e-type=\"container\">\n\t\t\t\t\t<div class=\"e-con-inner\">\n\t\t<div class=\"elementor-element elementor-element-afffe59 e-con-full e-flex e-con e-parent\" data-id=\"afffe59\" data-element_type=\"container\" data-e-type=\"container\" data-settings=\"{&quot;background_background&quot;:&quot;classic&quot;}\">\n\t\t\t\t<div class=\"elementor-element elementor-element-ac780e9 elementor-widget elementor-widget-text-editor\" data-id=\"ac780e9\" data-element_type=\"widget\" data-e-type=\"widget\" data-widget_type=\"text-editor.default\">\n\t\t\t\t<div class=\"elementor-widget-container\">\n\t\t\t\t\t\t\t\t\t<p><strong>WTWIS<\/strong><\/p>\n<p>TSA 24331<br \/>77283 AVON Cedex France<\/p>\n\t\t\t\t\t\t\t\t<\/div>\n\t\t\t\t<\/div>\n\t\t\t\t<\/div>\n\t\t<div class=\"elementor-element elementor-element-58d739e e-con-full e-flex e-con e-parent\" data-id=\"58d739e\" data-element_type=\"container\" data-e-type=\"container\" data-settings=\"{&quot;background_background&quot;:&quot;classic&quot;}\">\n\t\t\t\t<div class=\"elementor-element elementor-element-2a5f77a elementor-widget elementor-widget-text-editor\" data-id=\"2a5f77a\" data-element_type=\"widget\" data-e-type=\"widget\" data-widget_type=\"text-editor.default\">\n\t\t\t\t<div class=\"elementor-widget-container\">\n\t\t\t\t\t\t\t\t\t<p><strong>+331 41 43 61 61<\/strong><\/p><p>Si vous pr\u00e9f\u00e9rez communiquer par courrier \u00e9lectronique, veuillez contacter un repr\u00e9sentant \u00e0 l\u2019adresse suivante : <span lang=\"FR\"><a title=\"mailto:gsis@grassavoye.com\" contenteditable=\"false\" href=\"mailto:gsis@grassavoye.com\">gsis@grassavoye.com<\/a> ou par l\u2019extranet<\/span> <span lang=\"FR\"><a title=\"http:\/\/www.expat.witiwi.fr\/\" contenteditable=\"false\" href=\"http:\/\/www.expat.witiwi.fr\/\">www.expat.witiwi.fr<\/a><\/span><\/p>\t\t\t\t\t\t\t\t<\/div>\n\t\t\t\t<\/div>\n\t\t\t\t<\/div>\n\t\t\t\t\t<\/div>\n\t\t\t\t<\/div>\n\t\t\t\t\t<\/div>\n\t\t\t\t<\/div>\n\t\t\t\t<\/div>\n\t\t","protected":false},"excerpt":{"rendered":"<p>Demande de remboursement Dans le cas o\u00f9 vous avez d\u00fb payer pour un service m\u00e9dical qui est une prestation couverte par votre police d\u2019assurance, vous devrez pr\u00e9senter vos re\u00e7us, l\u2019original de la facture du prestataire o\u00f9 figure votre paiement, ainsi que le formulaire de demande de remboursement rempli et sign\u00e9. Le fait de fournir les [&hellip;]<\/p>\n","protected":false},"author":2,"featured_media":0,"parent":0,"menu_order":0,"comment_status":"closed","ping_status":"closed","template":"","meta":{"inline_featured_image":false,"footnotes":""},"class_list":["post-2036","page","type-page","status-publish","hentry"],"_links":{"self":[{"href":"https:\/\/wtwis.globalexcel.com\/fr\/wp-json\/wp\/v2\/pages\/2036","targetHints":{"allow":["GET"]}}],"collection":[{"href":"https:\/\/wtwis.globalexcel.com\/fr\/wp-json\/wp\/v2\/pages"}],"about":[{"href":"https:\/\/wtwis.globalexcel.com\/fr\/wp-json\/wp\/v2\/types\/page"}],"author":[{"embeddable":true,"href":"https:\/\/wtwis.globalexcel.com\/fr\/wp-json\/wp\/v2\/users\/2"}],"replies":[{"embeddable":true,"href":"https:\/\/wtwis.globalexcel.com\/fr\/wp-json\/wp\/v2\/comments?post=2036"}],"version-history":[{"count":16,"href":"https:\/\/wtwis.globalexcel.com\/fr\/wp-json\/wp\/v2\/pages\/2036\/revisions"}],"predecessor-version":[{"id":2780,"href":"https:\/\/wtwis.globalexcel.com\/fr\/wp-json\/wp\/v2\/pages\/2036\/revisions\/2780"}],"wp:attachment":[{"href":"https:\/\/wtwis.globalexcel.com\/fr\/wp-json\/wp\/v2\/media?parent=2036"}],"curies":[{"name":"wp","href":"https:\/\/api.w.org\/{rel}","templated":true}]}}