{"id":2049,"date":"2023-03-21T14:21:41","date_gmt":"2023-03-21T18:21:41","guid":{"rendered":"https:\/\/wtwis.switch.makemagik.com\/trouver-un-dentiste\/"},"modified":"2026-05-07T16:24:07","modified_gmt":"2026-05-07T20:24:07","slug":"trouver-un-dentiste","status":"publish","type":"page","link":"https:\/\/wtwis.globalexcel.com\/fr\/trouver-un-dentiste\/","title":{"rendered":"Trouver un dentiste"},"content":{"rendered":"\t\t<div data-elementor-type=\"wp-page\" data-elementor-id=\"2049\" class=\"elementor elementor-2049 elementor-1540\" data-elementor-post-type=\"page\">\n\t\t\t\t<div class=\"elementor-element elementor-element-65a3a47 e-flex e-con-boxed e-con e-parent\" data-id=\"65a3a47\" data-element_type=\"container\" data-e-type=\"container\" data-settings=\"{&quot;background_background&quot;:&quot;classic&quot;}\">\n\t\t\t\t\t<div class=\"e-con-inner\">\n\t\t\t\t<div class=\"elementor-element elementor-element-74d447a elementor-widget elementor-widget-heading\" data-id=\"74d447a\" data-element_type=\"widget\" data-e-type=\"widget\" data-widget_type=\"heading.default\">\n\t\t\t\t<div class=\"elementor-widget-container\">\n\t\t\t\t\t<h1 class=\"elementor-heading-title elementor-size-default\">Trouver un dentiste<\/h1>\t\t\t\t<\/div>\n\t\t\t\t<\/div>\n\t\t\t\t\t<\/div>\n\t\t\t\t<\/div>\n\t\t<div class=\"elementor-element elementor-element-da69158 e-flex e-con-boxed e-con e-parent\" data-id=\"da69158\" data-element_type=\"container\" data-e-type=\"container\">\n\t\t\t\t\t<div class=\"e-con-inner\">\n\t\t\t\t<div class=\"elementor-element elementor-element-16dee9f elementor-widget elementor-widget-heading\" data-id=\"16dee9f\" data-element_type=\"widget\" data-e-type=\"widget\" data-widget_type=\"heading.default\">\n\t\t\t\t<div class=\"elementor-widget-container\">\n\t\t\t\t\t<h2 class=\"elementor-heading-title elementor-size-default\"><strong>Global Excel<\/strong> et <strong>Dentemax<\/strong> se sont associ\u00e9s pour offrir l'un des plus grands r\u00e9seaux dentaires nationaux disponibles, garantissant une qualit\u00e9 \u00e9lev\u00e9e et des prix \u00e9quitables.<\/h2>\t\t\t\t<\/div>\n\t\t\t\t<\/div>\n\t\t<div class=\"elementor-element elementor-element-3689a63 e-con-full e-flex e-con e-child\" data-id=\"3689a63\" data-element_type=\"container\" data-e-type=\"container\">\n\t\t\t\t<div class=\"elementor-element elementor-element-f4e7dcd elementor-widget__width-initial elementor-widget elementor-widget-heading\" data-id=\"f4e7dcd\" data-element_type=\"widget\" data-e-type=\"widget\" data-widget_type=\"heading.default\">\n\t\t\t\t<div class=\"elementor-widget-container\">\n\t\t\t\t\t<p class=\"elementor-heading-title elementor-size-default\">Tous les dentistes DenteMax acceptent de facturer aux membres des tarifs de 20 % \u00e0 40 % inf\u00e9rieurs aux tarifs habituels. Mais la valeur ne s\u2019arr\u00eate pas aux \u00e9conomies \u2013 le r\u00e9seau DenteMax offre un acc\u00e8s in\u00e9gal\u00e9 \u00e0 des dentistes de qualit\u00e9. <\/p>\t\t\t\t<\/div>\n\t\t\t\t<\/div>\n\t\t\t\t<div class=\"elementor-element elementor-element-a2dfe57 elementor-widget elementor-widget-button\" data-id=\"a2dfe57\" data-element_type=\"widget\" data-e-type=\"widget\" data-widget_type=\"button.default\">\n\t\t\t\t<div class=\"elementor-widget-container\">\n\t\t\t\t\t\t\t\t\t<div class=\"elementor-button-wrapper\">\n\t\t\t\t\t<a class=\"elementor-button elementor-button-link elementor-size-xl\" href=\"https:\/\/www.dentemax.com\/find-a-dentist-new\" target=\"_blank\">\n\t\t\t\t\t\t<span class=\"elementor-button-content-wrapper\">\n\t\t\t\t\t\t<span class=\"elementor-button-icon\">\n\t\t\t\t<i aria-hidden=\"true\" class=\"fas fa-arrow-right\"><\/i>\t\t\t<\/span>\n\t\t\t\t\t\t\t\t\t<span class=\"elementor-button-text\">Trouver un dentiste maintenant<\/span>\n\t\t\t\t\t<\/span>\n\t\t\t\t\t<\/a>\n\t\t\t\t<\/div>\n\t\t\t\t\t\t\t\t<\/div>\n\t\t\t\t<\/div>\n\t\t\t\t<\/div>\n\t\t\t\t<div class=\"elementor-element elementor-element-1501a1f elementor-widget-divider--view-line elementor-widget elementor-widget-divider\" data-id=\"1501a1f\" data-element_type=\"widget\" data-e-type=\"widget\" data-widget_type=\"divider.default\">\n\t\t\t\t<div class=\"elementor-widget-container\">\n\t\t\t\t\t\t\t<div class=\"elementor-divider\">\n\t\t\t<span class=\"elementor-divider-separator\">\n\t\t\t\t\t\t<\/span>\n\t\t<\/div>\n\t\t\t\t\t\t<\/div>\n\t\t\t\t<\/div>\n\t\t\t\t<div class=\"elementor-element elementor-element-aa20d4a elementor-widget elementor-widget-heading\" data-id=\"aa20d4a\" data-element_type=\"widget\" data-e-type=\"widget\" data-widget_type=\"heading.default\">\n\t\t\t\t<div class=\"elementor-widget-container\">\n\t\t\t\t\t<h2 class=\"elementor-heading-title elementor-size-default\">Les avantages de rester dans le r\u00e9seau<\/h2>\t\t\t\t<\/div>\n\t\t\t\t<\/div>\n\t\t\t\t<div class=\"elementor-element elementor-element-365d676 elementor-widget elementor-widget-text-editor\" data-id=\"365d676\" data-element_type=\"widget\" data-e-type=\"widget\" data-widget_type=\"text-editor.default\">\n\t\t\t\t<div class=\"elementor-widget-container\">\n\t\t\t\t\t\t\t\t\t<p>Fournir l\u2019acc\u00e8s \u00e0 des soins rentables et de qualit\u00e9 est le principal objectif de Global Excel. Aux \u00c9tats-Unis, de nombreux dentistes sont affili\u00e9s \u00e0 un r\u00e9seau d\u00e9termin\u00e9, qui est expliqu\u00e9 plus en d\u00e9tail \u00e0 la page <a href=\"https:\/\/wtwis.globalexcel.com\/fr\/se-familiariser-avec-le-systeme-de-soins-de-sante-local\/\">Se familiariser avec le syst\u00e8me de sant\u00e9<\/a>. <\/p>\n<p>Il est avantageux pour vous de consulter un fournisseur \u00ab membre du r\u00e9seau \u00bb , car il n\u2019exige g\u00e9n\u00e9ralement pas de paiement initial (\u00e0 moins qu\u2019il n\u2019y ait une quote-part ou une franchise) et il a d\u00e9j\u00e0 fait l\u2019objet d\u2019une v\u00e9rification du co\u00fbt et de la qualit\u00e9.<\/p>\n\t\t\t\t\t\t\t\t<\/div>\n\t\t\t\t<\/div>\n\t\t<div class=\"elementor-element elementor-element-758fce1 e-flex e-con-boxed e-con e-child\" data-id=\"758fce1\" data-element_type=\"container\" data-e-type=\"container\">\n\t\t\t\t\t<div class=\"e-con-inner\">\n\t\t<div class=\"elementor-element elementor-element-afffe59 e-con-full e-flex e-con e-child\" data-id=\"afffe59\" data-element_type=\"container\" data-e-type=\"container\" data-settings=\"{&quot;background_background&quot;:&quot;classic&quot;}\">\n\t\t\t\t<div class=\"elementor-element elementor-element-ac780e9 elementor-widget elementor-widget-text-editor\" data-id=\"ac780e9\" data-element_type=\"widget\" data-e-type=\"widget\" data-widget_type=\"text-editor.default\">\n\t\t\t\t<div class=\"elementor-widget-container\">\n\t\t\t\t\t\t\t\t\t<h3>Acc\u00e9dez \u00e0<\/h3>\n<p>DenteMax, l&rsquo;un des plus grands r\u00e9seaux dentaires nationaux, propose :<\/p>\n<ul>\n<li>Acc\u00e8s \u00e0 plus de 270 000 points d&rsquo;acc\u00e8s dentaires \u00e0 travers le pays<\/li>\n<li>Pas de tracas de paperasse &#8211; Si jamais vous choisissez de voir un autre dentiste, il n&rsquo;y a pas de paperasse \u00e0 remplir ni de p\u00e9riode d&rsquo;attente<\/li>\n<\/ul>\n\t\t\t\t\t\t\t\t<\/div>\n\t\t\t\t<\/div>\n\t\t\t\t<\/div>\n\t\t<div class=\"elementor-element elementor-element-b75835a e-con-full e-flex e-con e-child\" data-id=\"b75835a\" data-element_type=\"container\" data-e-type=\"container\" data-settings=\"{&quot;background_background&quot;:&quot;classic&quot;}\">\n\t\t\t\t<div class=\"elementor-element elementor-element-0b1b821 elementor-widget elementor-widget-text-editor\" data-id=\"0b1b821\" data-element_type=\"widget\" data-e-type=\"widget\" data-widget_type=\"text-editor.default\">\n\t\t\t\t<div class=\"elementor-widget-container\">\n\t\t\t\t\t\t\t\t\t<h3>Qualit\u00e9<\/h3>\n<p>La politique d\u2019accr\u00e9ditation stricte de DenteMax vous offre la tranquillit\u00e9 d\u2019esprit lorsque vous choisissez un dentiste. DenteMax accr\u00e9dite tous les dentistes du r\u00e9seau en examinant r\u00e9guli\u00e8rement les pratiques pour s\u2019assurer qu\u2019elles r\u00e9pondent aux normes de qualit\u00e9. <\/p>\n\t\t\t\t\t\t\t\t<\/div>\n\t\t\t\t<\/div>\n\t\t\t\t<\/div>\n\t\t<div class=\"elementor-element elementor-element-0013beb e-con-full e-flex e-con e-child\" data-id=\"0013beb\" data-element_type=\"container\" data-e-type=\"container\" data-settings=\"{&quot;background_background&quot;:&quot;classic&quot;}\">\n\t\t\t\t<div class=\"elementor-element elementor-element-efb18ff elementor-widget elementor-widget-text-editor\" data-id=\"efb18ff\" data-element_type=\"widget\" data-e-type=\"widget\" data-widget_type=\"text-editor.default\">\n\t\t\t\t<div class=\"elementor-widget-container\">\n\t\t\t\t\t\t\t\t\t<h3>\u00c9conomies<\/h3>\n<p>DenteMax offre aux membres :<\/p>\n<ul>\n<li>\u00c9conomies de 20 % \u00e0 40 % sur les frais dentaires standard chaque fois que vous consultez un dentiste DenteMax<\/li>\n<li>Des frais dentaires r\u00e9duits<\/li>\n<li>Possibilit\u00e9 d\u2019\u00e9tendre votre plafond annuel<\/li>\n<li>Des rabais de r\u00e9seau sur les services, m\u00eame apr\u00e8s avoir atteint votre maximum annuel ou sur les services qui ne sont pas des couverts.<\/li>\n<\/ul>\n\t\t\t\t\t\t\t\t<\/div>\n\t\t\t\t<\/div>\n\t\t\t\t<\/div>\n\t\t\t\t\t<\/div>\n\t\t\t\t<\/div>\n\t\t\t\t\t<\/div>\n\t\t\t\t<\/div>\n\t\t<div class=\"elementor-element elementor-element-dfde001 e-flex e-con-boxed e-con e-parent\" data-id=\"dfde001\" data-element_type=\"container\" data-e-type=\"container\" data-settings=\"{&quot;background_background&quot;:&quot;classic&quot;}\">\n\t\t\t\t\t<div class=\"e-con-inner\">\n\t\t\t\t<div class=\"elementor-element elementor-element-f0a54d4 elementor-widget elementor-widget-button\" data-id=\"f0a54d4\" data-element_type=\"widget\" data-e-type=\"widget\" data-widget_type=\"button.default\">\n\t\t\t\t<div class=\"elementor-widget-container\">\n\t\t\t\t\t\t\t\t\t<div class=\"elementor-button-wrapper\">\n\t\t\t\t\t<a class=\"elementor-button elementor-button-link elementor-size-xl\" href=\"https:\/\/www.dentemax.com\/find-a-dentist-new\" target=\"_blank\">\n\t\t\t\t\t\t<span class=\"elementor-button-content-wrapper\">\n\t\t\t\t\t\t<span class=\"elementor-button-icon\">\n\t\t\t\t<i aria-hidden=\"true\" class=\"fas fa-arrow-right\"><\/i>\t\t\t<\/span>\n\t\t\t\t\t\t\t\t\t<span class=\"elementor-button-text\">Trouver un dentiste maintenant<\/span>\n\t\t\t\t\t<\/span>\n\t\t\t\t\t<\/a>\n\t\t\t\t<\/div>\n\t\t\t\t\t\t\t\t<\/div>\n\t\t\t\t<\/div>\n\t\t\t\t<div class=\"elementor-element elementor-element-829a8c8 elementor-widget elementor-widget-button\" data-id=\"829a8c8\" data-element_type=\"widget\" data-e-type=\"widget\" data-widget_type=\"button.default\">\n\t\t\t\t<div class=\"elementor-widget-container\">\n\t\t\t\t\t\t\t\t\t<div class=\"elementor-button-wrapper\">\n\t\t\t\t\t<a class=\"elementor-button elementor-button-link elementor-size-xl\" href=\"https:\/\/wtwis.globalexcel.com\/fr\/se-familiariser-avec-le-systeme-de-soins-de-sante-local\/\">\n\t\t\t\t\t\t<span class=\"elementor-button-content-wrapper\">\n\t\t\t\t\t\t<span class=\"elementor-button-icon\">\n\t\t\t\t<i aria-hidden=\"true\" class=\"fas fa-arrow-right\"><\/i>\t\t\t<\/span>\n\t\t\t\t\t\t\t\t\t<span class=\"elementor-button-text\">Se familiariser avec le syst\u00e8me de soins de sant\u00e9 local<\/span>\n\t\t\t\t\t<\/span>\n\t\t\t\t\t<\/a>\n\t\t\t\t<\/div>\n\t\t\t\t\t\t\t\t<\/div>\n\t\t\t\t<\/div>\n\t\t\t\t\t<\/div>\n\t\t\t\t<\/div>\n\t\t\t\t<\/div>\n\t\t","protected":false},"excerpt":{"rendered":"<p>Trouver un dentiste Global Excel et Dentemax se sont associ\u00e9s pour offrir l&rsquo;un des plus grands r\u00e9seaux dentaires nationaux disponibles, garantissant une qualit\u00e9 \u00e9lev\u00e9e et des prix \u00e9quitables. Tous les dentistes DenteMax acceptent de facturer aux membres des tarifs de 20 % \u00e0 40 % inf\u00e9rieurs aux tarifs habituels. Mais la valeur ne s\u2019arr\u00eate pas [&hellip;]<\/p>\n","protected":false},"author":2,"featured_media":0,"parent":0,"menu_order":0,"comment_status":"closed","ping_status":"closed","template":"","meta":{"inline_featured_image":false,"footnotes":""},"class_list":["post-2049","page","type-page","status-publish","hentry"],"_links":{"self":[{"href":"https:\/\/wtwis.globalexcel.com\/fr\/wp-json\/wp\/v2\/pages\/2049","targetHints":{"allow":["GET"]}}],"collection":[{"href":"https:\/\/wtwis.globalexcel.com\/fr\/wp-json\/wp\/v2\/pages"}],"about":[{"href":"https:\/\/wtwis.globalexcel.com\/fr\/wp-json\/wp\/v2\/types\/page"}],"author":[{"embeddable":true,"href":"https:\/\/wtwis.globalexcel.com\/fr\/wp-json\/wp\/v2\/users\/2"}],"replies":[{"embeddable":true,"href":"https:\/\/wtwis.globalexcel.com\/fr\/wp-json\/wp\/v2\/comments?post=2049"}],"version-history":[{"count":15,"href":"https:\/\/wtwis.globalexcel.com\/fr\/wp-json\/wp\/v2\/pages\/2049\/revisions"}],"predecessor-version":[{"id":2922,"href":"https:\/\/wtwis.globalexcel.com\/fr\/wp-json\/wp\/v2\/pages\/2049\/revisions\/2922"}],"wp:attachment":[{"href":"https:\/\/wtwis.globalexcel.com\/fr\/wp-json\/wp\/v2\/media?parent=2049"}],"curies":[{"name":"wp","href":"https:\/\/api.w.org\/{rel}","templated":true}]}}